{"id":50,"date":"2018-10-12T15:53:20","date_gmt":"2018-10-12T18:53:20","guid":{"rendered":"https:\/\/iesmart.cl\/?post_type=product&#038;p=50"},"modified":"2018-10-12T15:54:58","modified_gmt":"2018-10-12T18:54:58","slug":"aplique-1891s-lutec-led-9w-4000k-ip54-grafito","status":"publish","type":"product","link":"https:\/\/iesmart.cl\/?product=aplique-1891s-lutec-led-9w-4000k-ip54-grafito","title":{"rendered":"APLIQUE 1891S LUTEC LED 9W 4000K IP54 GRAFITO"},"content":{"rendered":"","protected":false},"excerpt":{"rendered":"<p>La serie Norma es una luz de pared LED con un cuerpo de aluminio inyectado. Resiste la corrosi\u00f3n por m\u00e1s de 5 a\u00f1os. La luminaria est\u00e1 especialmente dise\u00f1ada sin tornillos en la superficie. La Norma garantiza la excelente eficiencia lum\u00ednica con gran ahorro de energ\u00eda y dinero.<\/p>\n","protected":false},"featured_media":51,"template":"","meta":[],"product_cat":[20,19,16],"product_tag":[],"_links":{"self":[{"href":"https:\/\/iesmart.cl\/index.php?rest_route=\/wp\/v2\/product\/50"}],"collection":[{"href":"https:\/\/iesmart.cl\/index.php?rest_route=\/wp\/v2\/product"}],"about":[{"href":"https:\/\/iesmart.cl\/index.php?rest_route=\/wp\/v2\/types\/product"}],"wp:featuredmedia":[{"embeddable":true,"href":"https:\/\/iesmart.cl\/index.php?rest_route=\/wp\/v2\/media\/51"}],"wp:attachment":[{"href":"https:\/\/iesmart.cl\/index.php?rest_route=%2Fwp%2Fv2%2Fmedia&parent=50"}],"wp:term":[{"taxonomy":"product_cat","embeddable":true,"href":"https:\/\/iesmart.cl\/index.php?rest_route=%2Fwp%2Fv2%2Fproduct_cat&post=50"},{"taxonomy":"product_tag","embeddable":true,"href":"https:\/\/iesmart.cl\/index.php?rest_route=%2Fwp%2Fv2%2Fproduct_tag&post=50"}],"curies":[{"name":"wp","href":"https:\/\/api.w.org\/{rel}","templated":true}]}}